{"id":965,"date":"2021-01-12T08:49:16","date_gmt":"2021-01-12T07:49:16","guid":{"rendered":"https:\/\/outdoor-gym.com\/fr\/?page_id=965"},"modified":"2023-05-30T09:36:55","modified_gmt":"2023-05-30T07:36:55","slug":"fitness-en-plein-air-pour-votre-jardin","status":"publish","type":"page","link":"https:\/\/outdoor-gym.com\/fr\/clients\/fitness-en-plein-air-pour-votre-jardin\/","title":{"rendered":"Fitness en plein air pour votre jardin"},"content":{"rendered":"<p><strong>Une station de remise en forme dans votre jardin est une solution id\u00e9ale pour s&#8217;exercer en plein air.<\/strong><\/p>\n<p>Dans le monde d&#8217;aujourd&#8217;hui, nous passons une grande partie de la journ\u00e9e en position assise. Comme nous passons des heures \u00e0 travailler devant l&#8217;ordinateur, faire nos devoirs ou regarder la t\u00e9l\u00e9vision, notre corps r\u00e9clame du mouvement et de l&#8217;activit\u00e9 physique. Nous n&#8217;avons pas toujours la possibilit\u00e9 d&#8217;acheter un abonnement \u00e0 une salle de sport pour y passer quelques heures par semaine. Le parc de fitness en plein air est donc une solution id\u00e9ale pour les personnes fatigu\u00e9es du travail s\u00e9dentaire de tous les jours. Pourquoi devriez-vous investir dans votre propre mat\u00e9riel d&#8217;exercice ?<\/p>\n<p>L&#8217;int\u00e9r\u00eat pour ce type de solution cro\u00eet rapidement d&#8217;ann\u00e9e en ann\u00e9e. Le mat\u00e9riel d&#8217;un gymnase ext\u00e9rieur ne c\u00e8de en rien \u00e0 celui d&#8217;une salle de sport traditionnelle. Vous y trouverez des \u00e9quipements de musculation et de cardio : bancs de musculation, barres de traction, parall\u00e8les, v\u00e9los, rameurs, v\u00e9los elliptiques, steppers, tapis de course et bien plus encore. Vous pouvez \u00e9galement installer un simple ensemble de street workout dans votre jardin.<\/p>\n<p>Si vous cherchez une alternative aux salles de fitness bond\u00e9es, un parcours de fitness en plein air r\u00e9pondra parfaitement \u00e0 vos besoins. Une s\u00e9ance d&#8217;entra\u00eenement sur une station de fitness dans votre jardin oxyg\u00e8nera votre corps et vous apportera une bonne dose de vitamine D.<\/p>\n<p><img loading=\"lazy\" decoding=\"async\" class=\"alignnone wp-image-1944 size-full\" title=\"Fitness en plein air pour votre jardin\" src=\"https:\/\/outdoor-gym.com\/fr\/wp-content\/uploads\/Fitness en plein air pour votre jardin-8.jpg\" alt=\"Fitness en plein air pour votre jardin\" width=\"2560\" height=\"1704\" srcset=\"https:\/\/outdoor-gym.com\/fr\/wp-content\/uploads\/Fitness%20en%20plein%20air%20pour%20votre%20jardin-8.jpg 2560w, https:\/\/outdoor-gym.com\/fr\/wp-content\/uploads\/Fitness%20en%20plein%20air%20pour%20votre%20jardin-8-600x399.jpg 600w, https:\/\/outdoor-gym.com\/fr\/wp-content\/uploads\/Fitness%20en%20plein%20air%20pour%20votre%20jardin-8-2000x1331.jpg 2000w, https:\/\/outdoor-gym.com\/fr\/wp-content\/uploads\/Fitness%20en%20plein%20air%20pour%20votre%20jardin-8-768x511.jpg 768w, https:\/\/outdoor-gym.com\/fr\/wp-content\/uploads\/Fitness%20en%20plein%20air%20pour%20votre%20jardin-8-1536x1022.jpg 1536w, https:\/\/outdoor-gym.com\/fr\/wp-content\/uploads\/Fitness%20en%20plein%20air%20pour%20votre%20jardin-8-2048x1363.jpg 2048w\" sizes=\"auto, (max-width: 2560px) 100vw, 2560px\" \/><\/p>\n<h2>Pour qui les parcours de fitness en plein air?<\/h2>\n<p>Les \u00e9quipements d&#8217;exercice dans le jardin sont un excellent choix pour tous ceux qui veulent s&#8217;exercer en toute tranquillit\u00e9 lorsqu&#8217;ils rentrent chez eux. C&#8217;est \u00e9galement une solution id\u00e9ale pour les personnes travaillant \u00e0 domicile. Il est recommand\u00e9 de faire une pause de 5 \u00e0 10 minutes par heure de travail devant un ordinateur. Vous pouvez passer ce temps sur une station de remise en forme dans votre jardin pour maintenir une efficacit\u00e9 \u00e9lev\u00e9e tout au long du travail.<\/p>\n<p><img loading=\"lazy\" decoding=\"async\" class=\"alignnone wp-image-1939 size-full\" title=\"Fitness en plein air pour votre jardin\" src=\"https:\/\/outdoor-gym.com\/fr\/wp-content\/uploads\/Fitness en plein air pour votre jardin-3.jpg\" alt=\"Fitness en plein air pour votre jardin\" width=\"2560\" height=\"1704\" srcset=\"https:\/\/outdoor-gym.com\/fr\/wp-content\/uploads\/Fitness%20en%20plein%20air%20pour%20votre%20jardin-3.jpg 2560w, https:\/\/outdoor-gym.com\/fr\/wp-content\/uploads\/Fitness%20en%20plein%20air%20pour%20votre%20jardin-3-600x399.jpg 600w, https:\/\/outdoor-gym.com\/fr\/wp-content\/uploads\/Fitness%20en%20plein%20air%20pour%20votre%20jardin-3-2000x1331.jpg 2000w, https:\/\/outdoor-gym.com\/fr\/wp-content\/uploads\/Fitness%20en%20plein%20air%20pour%20votre%20jardin-3-768x511.jpg 768w, https:\/\/outdoor-gym.com\/fr\/wp-content\/uploads\/Fitness%20en%20plein%20air%20pour%20votre%20jardin-3-1536x1022.jpg 1536w, https:\/\/outdoor-gym.com\/fr\/wp-content\/uploads\/Fitness%20en%20plein%20air%20pour%20votre%20jardin-3-2048x1363.jpg 2048w\" sizes=\"auto, (max-width: 2560px) 100vw, 2560px\" \/><\/p>\n","protected":false},"excerpt":{"rendered":"<p>Une station de remise en forme dans votre jardin est une solution id\u00e9ale pour s&#8217;exercer en plein air. Dans le monde d&#8217;aujourd&#8217;hui, nous passons une grande partie de la journ\u00e9e en position assise. Comme nous passons des heures \u00e0 travailler devant l&#8217;ordinateur, faire nos devoirs ou regarder la t\u00e9l\u00e9vision, notre corps r\u00e9clame du mouvement et [&hellip;]<\/p>\n","protected":false},"author":1,"featured_media":0,"parent":930,"menu_order":0,"comment_status":"closed","ping_status":"closed","template":"template-klienci-podstrona.php","meta":{"footnotes":""},"class_list":["post-965","page","type-page","status-publish","hentry"],"acf":[],"yoast_head":"<!-- This site is optimized with the Yoast SEO plugin v27.3 - https:\/\/yoast.com\/product\/yoast-seo-wordpress\/ -->\n<title>Fitness en plein air pour votre jardin - TRAINER<\/title>\n<meta name=\"robots\" content=\"index, follow, max-snippet:-1, max-image-preview:large, max-video-preview:-1\" \/>\n<link rel=\"canonical\" href=\"https:\/\/outdoor-gym.com\/fr\/clients\/fitness-en-plein-air-pour-votre-jardin\/\" \/>\n<meta property=\"og:locale\" content=\"fr_FR\" \/>\n<meta property=\"og:type\" content=\"article\" \/>\n<meta property=\"og:title\" content=\"Fitness en plein air pour votre jardin - TRAINER\" \/>\n<meta property=\"og:description\" content=\"Une station de remise en forme dans votre jardin est une solution id\u00e9ale pour s&#8217;exercer en plein air. Dans le monde d&#8217;aujourd&#8217;hui, nous passons une grande partie de la journ\u00e9e en position assise. Comme nous passons des heures \u00e0 travailler devant l&#8217;ordinateur, faire nos devoirs ou regarder la t\u00e9l\u00e9vision, notre corps r\u00e9clame du mouvement et [&hellip;]\" \/>\n<meta property=\"og:url\" content=\"https:\/\/outdoor-gym.com\/fr\/clients\/fitness-en-plein-air-pour-votre-jardin\/\" \/>\n<meta property=\"og:site_name\" content=\"Trainer\" \/>\n<meta property=\"article:modified_time\" content=\"2023-05-30T07:36:55+00:00\" \/>\n<meta name=\"twitter:card\" content=\"summary_large_image\" \/>\n<meta name=\"twitter:label1\" content=\"Szacowany czas czytania\" \/>\n\t<meta name=\"twitter:data1\" content=\"3 minuty\" \/>\n<script type=\"application\/ld+json\" class=\"yoast-schema-graph\">{\"@context\":\"https:\\\/\\\/schema.org\",\"@graph\":[{\"@type\":\"WebPage\",\"@id\":\"https:\\\/\\\/outdoor-gym.com\\\/fr\\\/clients\\\/fitness-en-plein-air-pour-votre-jardin\\\/\",\"url\":\"https:\\\/\\\/outdoor-gym.com\\\/fr\\\/clients\\\/fitness-en-plein-air-pour-votre-jardin\\\/\",\"name\":\"Fitness en plein air pour votre jardin - TRAINER\",\"isPartOf\":{\"@id\":\"https:\\\/\\\/outdoor-gym.com\\\/fr\\\/#website\"},\"datePublished\":\"2021-01-12T07:49:16+00:00\",\"dateModified\":\"2023-05-30T07:36:55+00:00\",\"breadcrumb\":{\"@id\":\"https:\\\/\\\/outdoor-gym.com\\\/fr\\\/clients\\\/fitness-en-plein-air-pour-votre-jardin\\\/#breadcrumb\"},\"inLanguage\":\"pl-PL\",\"potentialAction\":[{\"@type\":\"ReadAction\",\"target\":[\"https:\\\/\\\/outdoor-gym.com\\\/fr\\\/clients\\\/fitness-en-plein-air-pour-votre-jardin\\\/\"]}]},{\"@type\":\"BreadcrumbList\",\"@id\":\"https:\\\/\\\/outdoor-gym.com\\\/fr\\\/clients\\\/fitness-en-plein-air-pour-votre-jardin\\\/#breadcrumb\",\"itemListElement\":[{\"@type\":\"ListItem\",\"position\":1,\"name\":\"fr\",\"item\":\"https:\\\/\\\/outdoor-gym.com\\\/fr\\\/\"},{\"@type\":\"ListItem\",\"position\":2,\"name\":\"Clients\",\"item\":\"https:\\\/\\\/outdoor-gym.com\\\/fr\\\/clients\\\/\"},{\"@type\":\"ListItem\",\"position\":3,\"name\":\"Fitness en plein air pour votre jardin\"}]},{\"@type\":\"WebSite\",\"@id\":\"https:\\\/\\\/outdoor-gym.com\\\/fr\\\/#website\",\"url\":\"https:\\\/\\\/outdoor-gym.com\\\/fr\\\/\",\"name\":\"Trainer\",\"description\":\"Trainer\",\"potentialAction\":[{\"@type\":\"SearchAction\",\"target\":{\"@type\":\"EntryPoint\",\"urlTemplate\":\"https:\\\/\\\/outdoor-gym.com\\\/fr\\\/?s={search_term_string}\"},\"query-input\":{\"@type\":\"PropertyValueSpecification\",\"valueRequired\":true,\"valueName\":\"search_term_string\"}}],\"inLanguage\":\"pl-PL\"}]}<\/script>\n<!-- \/ Yoast SEO plugin. -->","yoast_head_json":{"title":"Fitness en plein air pour votre jardin - TRAINER","robots":{"index":"index","follow":"follow","max-snippet":"max-snippet:-1","max-image-preview":"max-image-preview:large","max-video-preview":"max-video-preview:-1"},"canonical":"https:\/\/outdoor-gym.com\/fr\/clients\/fitness-en-plein-air-pour-votre-jardin\/","og_locale":"fr_FR","og_type":"article","og_title":"Fitness en plein air pour votre jardin - TRAINER","og_description":"Une station de remise en forme dans votre jardin est une solution id\u00e9ale pour s&#8217;exercer en plein air. Dans le monde d&#8217;aujourd&#8217;hui, nous passons une grande partie de la journ\u00e9e en position assise. Comme nous passons des heures \u00e0 travailler devant l&#8217;ordinateur, faire nos devoirs ou regarder la t\u00e9l\u00e9vision, notre corps r\u00e9clame du mouvement et [&hellip;]","og_url":"https:\/\/outdoor-gym.com\/fr\/clients\/fitness-en-plein-air-pour-votre-jardin\/","og_site_name":"Trainer","article_modified_time":"2023-05-30T07:36:55+00:00","twitter_card":"summary_large_image","twitter_misc":{"Szacowany czas czytania":"3 minuty"},"schema":{"@context":"https:\/\/schema.org","@graph":[{"@type":"WebPage","@id":"https:\/\/outdoor-gym.com\/fr\/clients\/fitness-en-plein-air-pour-votre-jardin\/","url":"https:\/\/outdoor-gym.com\/fr\/clients\/fitness-en-plein-air-pour-votre-jardin\/","name":"Fitness en plein air pour votre jardin - TRAINER","isPartOf":{"@id":"https:\/\/outdoor-gym.com\/fr\/#website"},"datePublished":"2021-01-12T07:49:16+00:00","dateModified":"2023-05-30T07:36:55+00:00","breadcrumb":{"@id":"https:\/\/outdoor-gym.com\/fr\/clients\/fitness-en-plein-air-pour-votre-jardin\/#breadcrumb"},"inLanguage":"pl-PL","potentialAction":[{"@type":"ReadAction","target":["https:\/\/outdoor-gym.com\/fr\/clients\/fitness-en-plein-air-pour-votre-jardin\/"]}]},{"@type":"BreadcrumbList","@id":"https:\/\/outdoor-gym.com\/fr\/clients\/fitness-en-plein-air-pour-votre-jardin\/#breadcrumb","itemListElement":[{"@type":"ListItem","position":1,"name":"fr","item":"https:\/\/outdoor-gym.com\/fr\/"},{"@type":"ListItem","position":2,"name":"Clients","item":"https:\/\/outdoor-gym.com\/fr\/clients\/"},{"@type":"ListItem","position":3,"name":"Fitness en plein air pour votre jardin"}]},{"@type":"WebSite","@id":"https:\/\/outdoor-gym.com\/fr\/#website","url":"https:\/\/outdoor-gym.com\/fr\/","name":"Trainer","description":"Trainer","potentialAction":[{"@type":"SearchAction","target":{"@type":"EntryPoint","urlTemplate":"https:\/\/outdoor-gym.com\/fr\/?s={search_term_string}"},"query-input":{"@type":"PropertyValueSpecification","valueRequired":true,"valueName":"search_term_string"}}],"inLanguage":"pl-PL"}]}},"_links":{"self":[{"href":"https:\/\/outdoor-gym.com\/fr\/wp-json\/wp\/v2\/pages\/965","targetHints":{"allow":["GET"]}}],"collection":[{"href":"https:\/\/outdoor-gym.com\/fr\/wp-json\/wp\/v2\/pages"}],"about":[{"href":"https:\/\/outdoor-gym.com\/fr\/wp-json\/wp\/v2\/types\/page"}],"author":[{"embeddable":true,"href":"https:\/\/outdoor-gym.com\/fr\/wp-json\/wp\/v2\/users\/1"}],"replies":[{"embeddable":true,"href":"https:\/\/outdoor-gym.com\/fr\/wp-json\/wp\/v2\/comments?post=965"}],"version-history":[{"count":24,"href":"https:\/\/outdoor-gym.com\/fr\/wp-json\/wp\/v2\/pages\/965\/revisions"}],"predecessor-version":[{"id":4370,"href":"https:\/\/outdoor-gym.com\/fr\/wp-json\/wp\/v2\/pages\/965\/revisions\/4370"}],"up":[{"embeddable":true,"href":"https:\/\/outdoor-gym.com\/fr\/wp-json\/wp\/v2\/pages\/930"}],"wp:attachment":[{"href":"https:\/\/outdoor-gym.com\/fr\/wp-json\/wp\/v2\/media?parent=965"}],"curies":[{"name":"wp","href":"https:\/\/api.w.org\/{rel}","templated":true}]}}