{"id":3425,"date":"2021-09-28T15:22:58","date_gmt":"2021-09-28T13:22:58","guid":{"rendered":"https:\/\/outdoor-gym.com\/it\/?page_id=3425"},"modified":"2023-12-20T12:24:33","modified_gmt":"2023-12-20T11:24:33","slug":"garanzia","status":"publish","type":"page","link":"https:\/\/outdoor-gym.com\/it\/servizi\/garanzia\/","title":{"rendered":"Garanzia"},"content":{"rendered":"<p><img decoding=\"async\" loading=\"lazy\" class=\"alignnone wp-image-4128 size-full\" src=\"https:\/\/outdoor-gym.com\/it\/wp-content\/uploads\/Garanzia.jpg\" alt=\"\" width=\"1000\" height=\"666\" srcset=\"https:\/\/outdoor-gym.com\/it\/wp-content\/uploads\/Garanzia.jpg 1000w, https:\/\/outdoor-gym.com\/it\/wp-content\/uploads\/Garanzia-600x400.jpg 600w, https:\/\/outdoor-gym.com\/it\/wp-content\/uploads\/Garanzia-768x511.jpg 768w\" sizes=\"(max-width: 1000px) 100vw, 1000px\" \/><\/p>\n<p>Abbiamo a cuore la sicurezza e la qualit\u00e0 del prodotto. La nostra attrezzatura \u00e8 stata testata da <strong>T\u00dcV Rheinland<\/strong> e soddisfa le norme di sicurezza <strong>EN 16630:2015-06<\/strong>. Le nostre attrezzature vengono prodotte in Europa, in conformit\u00e0 con i requisiti vigenti delle <strong>norme in merito a sicurezza e qualit\u00e0. Produciamo palestre outdoor TRAINER da oltre 10 anni.<\/strong> Abbiamo un&#8217;enorme esperienza nella produzione di palestre outdoor. Forniamo la garanzia sui nostri prodotti.<\/p>\n<p><strong>20 ANNI &#8211; GARANZIA SULLA STRUTTURA<\/strong><\/p>\n<p><strong>5 ANNI &#8211; GARANZIA VERNICE<\/strong><\/p>\n<p><strong>2 ANNI &#8211; GARANZIA PARTI IN MOVIMENTO<\/strong><\/p>\n<p>Siamo sicuri delle nostre palestre. <strong>Migliaia di clienti si sono fidati di noi.<\/strong><\/p>\n<h4><a class=\"in-button in-download-button\" href=\"https:\/\/outdoor-gym.com\/it\/wp-content\/uploads\/TRAINER-GARANZIA.pdf\" target=\"_blank\" rel=\"noopener\">SCARICA LA GARANZIA<\/a><\/h4>\n<p>&nbsp;<\/p>\n","protected":false},"excerpt":{"rendered":"<p>Abbiamo a cuore la sicurezza e la qualit\u00e0 del prodotto. La nostra attrezzatura \u00e8 stata testata da T\u00dcV Rheinland e soddisfa le norme di sicurezza EN 16630:2015-06. Le nostre attrezzature vengono prodotte in Europa, in conformit\u00e0 con i requisiti vigenti delle norme in merito a sicurezza e qualit\u00e0. Produciamo palestre outdoor TRAINER da oltre 10 [&hellip;]<\/p>\n","protected":false},"author":1,"featured_media":0,"parent":932,"menu_order":0,"comment_status":"closed","ping_status":"closed","template":"template-usluga.php","meta":[],"acf":[],"yoast_head":"<!-- This site is optimized with the Yoast SEO plugin v21.1 - https:\/\/yoast.com\/wordpress\/plugins\/seo\/ -->\n<title>Garanzia - Trainer Palestre all&#039;aperto<\/title>\n<meta name=\"description\" content=\"Garanzia. Le nostre attrezzature vengono prodotte in Europa, in conformit\u00e0 con i requisiti vigenti delle norme in merito a sicurezza e qualit\u00e0. Forniamo la garanzia sui nostri prodotti.\" \/>\n<meta name=\"robots\" content=\"index, follow, max-snippet:-1, max-image-preview:large, max-video-preview:-1\" \/>\n<link rel=\"canonical\" href=\"https:\/\/outdoor-gym.com\/it\/servizi\/garanzia\/\" \/>\n<meta property=\"og:locale\" content=\"it_IT\" \/>\n<meta property=\"og:type\" content=\"article\" \/>\n<meta property=\"og:title\" content=\"Garanzia - Trainer Palestre all&#039;aperto\" \/>\n<meta property=\"og:description\" content=\"Garanzia. Le nostre attrezzature vengono prodotte in Europa, in conformit\u00e0 con i requisiti vigenti delle norme in merito a sicurezza e qualit\u00e0. Forniamo la garanzia sui nostri prodotti.\" \/>\n<meta property=\"og:url\" content=\"https:\/\/outdoor-gym.com\/it\/servizi\/garanzia\/\" \/>\n<meta property=\"og:site_name\" content=\"Trainer\" \/>\n<meta property=\"article:modified_time\" content=\"2023-12-20T11:24:33+00:00\" \/>\n<meta property=\"og:image\" content=\"https:\/\/outdoor-gym.com\/it\/wp-content\/uploads\/Garanzia.jpg\" \/>\n<meta name=\"twitter:card\" content=\"summary_large_image\" \/>\n<meta name=\"twitter:label1\" content=\"Szacowany czas czytania\" \/>\n\t<meta name=\"twitter:data1\" content=\"1 minuta\" \/>\n<script type=\"application\/ld+json\" class=\"yoast-schema-graph\">{\"@context\":\"https:\/\/schema.org\",\"@graph\":[{\"@type\":\"WebPage\",\"@id\":\"https:\/\/outdoor-gym.com\/it\/servizi\/garanzia\/\",\"url\":\"https:\/\/outdoor-gym.com\/it\/servizi\/garanzia\/\",\"name\":\"Garanzia - Trainer Palestre all'aperto\",\"isPartOf\":{\"@id\":\"https:\/\/outdoor-gym.com\/it\/#website\"},\"datePublished\":\"2021-09-28T13:22:58+00:00\",\"dateModified\":\"2023-12-20T11:24:33+00:00\",\"description\":\"Garanzia. Le nostre attrezzature vengono prodotte in Europa, in conformit\u00e0 con i requisiti vigenti delle norme in merito a sicurezza e qualit\u00e0. Forniamo la garanzia sui nostri prodotti.\",\"breadcrumb\":{\"@id\":\"https:\/\/outdoor-gym.com\/it\/servizi\/garanzia\/#breadcrumb\"},\"inLanguage\":\"pl-PL\",\"potentialAction\":[{\"@type\":\"ReadAction\",\"target\":[\"https:\/\/outdoor-gym.com\/it\/servizi\/garanzia\/\"]}]},{\"@type\":\"BreadcrumbList\",\"@id\":\"https:\/\/outdoor-gym.com\/it\/servizi\/garanzia\/#breadcrumb\",\"itemListElement\":[{\"@type\":\"ListItem\",\"position\":1,\"name\":\"it\",\"item\":\"https:\/\/outdoor-gym.com\/it\/\"},{\"@type\":\"ListItem\",\"position\":2,\"name\":\"Servizi\",\"item\":\"https:\/\/outdoor-gym.com\/it\/servizi\/\"},{\"@type\":\"ListItem\",\"position\":3,\"name\":\"Garanzia\"}]},{\"@type\":\"WebSite\",\"@id\":\"https:\/\/outdoor-gym.com\/it\/#website\",\"url\":\"https:\/\/outdoor-gym.com\/it\/\",\"name\":\"Trainer\",\"description\":\"Trainer\",\"potentialAction\":[{\"@type\":\"SearchAction\",\"target\":{\"@type\":\"EntryPoint\",\"urlTemplate\":\"https:\/\/outdoor-gym.com\/it\/?s={search_term_string}\"},\"query-input\":\"required name=search_term_string\"}],\"inLanguage\":\"pl-PL\"}]}<\/script>\n<!-- \/ Yoast SEO plugin. -->","yoast_head_json":{"title":"Garanzia - Trainer Palestre all'aperto","description":"Garanzia. Le nostre attrezzature vengono prodotte in Europa, in conformit\u00e0 con i requisiti vigenti delle norme in merito a sicurezza e qualit\u00e0. Forniamo la garanzia sui nostri prodotti.","robots":{"index":"index","follow":"follow","max-snippet":"max-snippet:-1","max-image-preview":"max-image-preview:large","max-video-preview":"max-video-preview:-1"},"canonical":"https:\/\/outdoor-gym.com\/it\/servizi\/garanzia\/","og_locale":"it_IT","og_type":"article","og_title":"Garanzia - Trainer Palestre all'aperto","og_description":"Garanzia. Le nostre attrezzature vengono prodotte in Europa, in conformit\u00e0 con i requisiti vigenti delle norme in merito a sicurezza e qualit\u00e0. Forniamo la garanzia sui nostri prodotti.","og_url":"https:\/\/outdoor-gym.com\/it\/servizi\/garanzia\/","og_site_name":"Trainer","article_modified_time":"2023-12-20T11:24:33+00:00","og_image":[{"url":"https:\/\/outdoor-gym.com\/it\/wp-content\/uploads\/Garanzia.jpg"}],"twitter_card":"summary_large_image","twitter_misc":{"Szacowany czas czytania":"1 minuta"},"schema":{"@context":"https:\/\/schema.org","@graph":[{"@type":"WebPage","@id":"https:\/\/outdoor-gym.com\/it\/servizi\/garanzia\/","url":"https:\/\/outdoor-gym.com\/it\/servizi\/garanzia\/","name":"Garanzia - Trainer Palestre all'aperto","isPartOf":{"@id":"https:\/\/outdoor-gym.com\/it\/#website"},"datePublished":"2021-09-28T13:22:58+00:00","dateModified":"2023-12-20T11:24:33+00:00","description":"Garanzia. Le nostre attrezzature vengono prodotte in Europa, in conformit\u00e0 con i requisiti vigenti delle norme in merito a sicurezza e qualit\u00e0. Forniamo la garanzia sui nostri prodotti.","breadcrumb":{"@id":"https:\/\/outdoor-gym.com\/it\/servizi\/garanzia\/#breadcrumb"},"inLanguage":"pl-PL","potentialAction":[{"@type":"ReadAction","target":["https:\/\/outdoor-gym.com\/it\/servizi\/garanzia\/"]}]},{"@type":"BreadcrumbList","@id":"https:\/\/outdoor-gym.com\/it\/servizi\/garanzia\/#breadcrumb","itemListElement":[{"@type":"ListItem","position":1,"name":"it","item":"https:\/\/outdoor-gym.com\/it\/"},{"@type":"ListItem","position":2,"name":"Servizi","item":"https:\/\/outdoor-gym.com\/it\/servizi\/"},{"@type":"ListItem","position":3,"name":"Garanzia"}]},{"@type":"WebSite","@id":"https:\/\/outdoor-gym.com\/it\/#website","url":"https:\/\/outdoor-gym.com\/it\/","name":"Trainer","description":"Trainer","potentialAction":[{"@type":"SearchAction","target":{"@type":"EntryPoint","urlTemplate":"https:\/\/outdoor-gym.com\/it\/?s={search_term_string}"},"query-input":"required name=search_term_string"}],"inLanguage":"pl-PL"}]}},"_links":{"self":[{"href":"https:\/\/outdoor-gym.com\/it\/wp-json\/wp\/v2\/pages\/3425"}],"collection":[{"href":"https:\/\/outdoor-gym.com\/it\/wp-json\/wp\/v2\/pages"}],"about":[{"href":"https:\/\/outdoor-gym.com\/it\/wp-json\/wp\/v2\/types\/page"}],"author":[{"embeddable":true,"href":"https:\/\/outdoor-gym.com\/it\/wp-json\/wp\/v2\/users\/1"}],"replies":[{"embeddable":true,"href":"https:\/\/outdoor-gym.com\/it\/wp-json\/wp\/v2\/comments?post=3425"}],"version-history":[{"count":10,"href":"https:\/\/outdoor-gym.com\/it\/wp-json\/wp\/v2\/pages\/3425\/revisions"}],"predecessor-version":[{"id":5214,"href":"https:\/\/outdoor-gym.com\/it\/wp-json\/wp\/v2\/pages\/3425\/revisions\/5214"}],"up":[{"embeddable":true,"href":"https:\/\/outdoor-gym.com\/it\/wp-json\/wp\/v2\/pages\/932"}],"wp:attachment":[{"href":"https:\/\/outdoor-gym.com\/it\/wp-json\/wp\/v2\/media?parent=3425"}],"curies":[{"name":"wp","href":"https:\/\/api.w.org\/{rel}","templated":true}]}}