{"id":6131,"date":"2025-12-08T14:42:48","date_gmt":"2025-12-08T13:42:48","guid":{"rendered":"https:\/\/outdoor-gym.com\/it\/?page_id=6131"},"modified":"2025-12-08T14:42:48","modified_gmt":"2025-12-08T13:42:48","slug":"resi","status":"publish","type":"page","link":"https:\/\/outdoor-gym.com\/it\/servizi\/resi\/","title":{"rendered":"Resi"},"content":{"rendered":"<p><strong>Resi<\/strong><\/p>\n<p><strong>Informazioni sul diritto di recesso da un contratto concluso a distanza<\/strong><\/p>\n<p>In qualit\u00e0 di consumatore, Lei ha il diritto di recedere dal contratto concluso nel Negozio online entro 14 giorni senza dover fornire alcuna motivazione. Il termine per esercitare il diritto di recesso scade dopo 14 giorni dal giorno in cui Lei o un terzo, diverso dal vettore e da Lei designato, \u00e8 entrato in possesso del bene.<\/p>\n<p>Per esercitare il diritto di recesso, Lei deve informarci della Sua decisione di recedere dal presente contratto tramite una dichiarazione esplicita (ad esempio, lettera inviata per posta tradizionale o posta elettronica). La dichiarazione pu\u00f2 essere inviata:<\/p>\n<ul>\n<li><strong>via e-mail:<\/strong> trainer@outdoor-gym.com<\/li>\n<li><strong>per iscritto al seguente indirizzo: <\/strong><br \/>\n<strong>TRAINER Outdoor Gym sp. z o.o.<\/strong><br \/>\nul. Hetma\u0144ska 38<br \/>\n85-039 Bydgoszcz<\/li>\n<\/ul>\n<p>Un modello di modulo di recesso dal contratto si trova alla fine del presente documento. Lei pu\u00f2 utilizzare il modello di modulo di recesso, ma non \u00e8 obbligatorio.<\/p>\n<p>Per rispettare il termine di recesso \u00e8 sufficiente che Lei invii la comunicazione relativa all\u2019esercizio del diritto di recesso prima della scadenza del termine stesso.<\/p>\n<p>In caso di recesso dal presente contratto, Le rimborseremo tutti i pagamenti da Lei effettuati, compresi i costi di consegna del bene (ad eccezione dei costi supplementari derivanti dalla scelta da parte Sua di un tipo di consegna diverso dal tipo di consegna standard meno costoso da noi offerto), senza indebito ritardo e in ogni caso non oltre 14 giorni dal giorno in cui siamo stati informati della Sua decisione di esercitare il diritto di recesso dal presente contratto.<\/p>\n<p>Il rimborso sar\u00e0 effettuato utilizzando lo stesso mezzo di pagamento da Lei usato per la transazione iniziale, salvo che Lei abbia espressamente convenuto altrimenti; in ogni caso non dovr\u00e0 sostenere alcun costo quale conseguenza di tale rimborso. Possiamo trattenere il rimborso finch\u00e9 non avremo ricevuto il bene oppure finch\u00e9 Lei non avr\u00e0 fornito prova dell\u2019avvenuta spedizione del bene, a seconda di quale evento si verifichi per primo.<\/p>\n<p>Se Lei ha ricevuto il bene, La preghiamo di rispedirlo o consegnarlo a:<\/p>\n<p><strong>TRAINER Outdoor Gym sp. z o.o.<\/strong><br \/>\nul. Milcherta 10<br \/>\n85-862 Bydgoszcz<\/p>\n<p>senza indebiti ritardi e in ogni caso non oltre 14 giorni dal giorno in cui ci ha comunicato la Sua decisione di recedere dal contratto. Il termine \u00e8 rispettato se Lei rispedisce il bene prima della scadenza del termine di 14 giorni.<\/p>\n<p>Lei dovr\u00e0 sostenere i costi diretti della restituzione del bene. Lei \u00e8 responsabile solo della diminuzione del valore del bene risultante da una manipolazione diversa da quella necessaria per stabilirne la natura, le caratteristiche e il funzionamento.<\/p>\n<p>Il diritto di recesso non si applica ai prodotti realizzati su ordinazione individuale, in particolare: prodotti realizzati secondo una specifica individuale, strutture personalizzate in termini di colore, dotazione o configurazione, che dopo la consegna sono state stabilmente collegate ad un altro impianto o al suolo, oppure che sono state prodotte conformemente ad altri requisiti individuali..<\/p>\n<p>&nbsp;<\/p>\n<p><strong>MODELLO DI MODULO DI RECESSO DAL CONTRATTO<\/strong><\/p>\n<p><em>(Compilare e restituire il presente modulo solo se si desidera recedere dal contratto)<\/em><\/p>\n<p>&nbsp;<\/p>\n<p><strong>Dati del cliente:<\/strong><br \/>\nNome e cognome:&#8230;&#8230;&#8230;&#8230;&#8230;&#8230;&#8230;&#8230;&#8230;&#8230;&#8230;&#8230;&#8230;&#8230;&#8230;&#8230;&#8230;&#8230;&#8230;&#8230;<br \/>\nIndirizzo:&#8230;&#8230;&#8230;&#8230;&#8230;&#8230;&#8230;&#8230;&#8230;&#8230;&#8230;&#8230;&#8230;&#8230;&#8230;&#8230;&#8230;&#8230;&#8230;&#8230;&#8230;&#8230;&#8230;&#8230;.<br \/>\nTelefono: &#8230;&#8230;&#8230;&#8230;&#8230;&#8230;&#8230;&#8230;&#8230;&#8230;&#8230;&#8230; E-mail: &#8230;&#8230;&#8230;&#8230;&#8230;&#8230;&#8230;&#8230;&#8230;.<\/p>\n<p><strong>Destinatario:<\/strong><br \/>\nTRAINER Outdoor Gym sp. z o.o.<br \/>\nul. Hetma\u0144ska 38<br \/>\n85-039 Bydgoszcz<br \/>\ne-mail: trainer@outdoor-gym.com<\/p>\n<p><strong>Dichiarazione di recesso dal contratto<\/strong><\/p>\n<p>Si prega di effettuare il rimborso sul seguente conto bancario:<\/p>\n<p>&#8230;&#8230;&#8230;&#8230;&#8230;&#8230;&#8230;&#8230;&#8230;&#8230;&#8230;&#8230;&#8230;&#8230;&#8230;&#8230;&#8230;&#8230;&#8230;&#8230;&#8230;&#8230;&#8230;&#8230;&#8230;&#8230;..<br \/>\n&#8230;&#8230;&#8230;&#8230;&#8230;&#8230;&#8230;&#8230;&#8230;&#8230;&#8230;&#8230;&#8230;&#8230;&#8230;&#8230;&#8230;&#8230;&#8230;&#8230;&#8230;&#8230;&#8230;&#8230;&#8230;&#8230;..<\/p>\n<p>Data di ricezione del prodotto: &#8230;&#8230;&#8230;&#8230;&#8230;&#8230;&#8230;&#8230;&#8230;&#8230;&#8230;&#8230;&#8230;&#8230;&#8230;&#8230;&#8230;&#8230;.<\/p>\n<p>Si prega di effettuare il rimborso sul seguente conto bancario:<br \/>\n&#8230;&#8230;&#8230;&#8230;&#8230;&#8230;&#8230;&#8230;&#8230;&#8230;&#8230;&#8230;&#8230;&#8230;&#8230;&#8230;&#8230;&#8230;&#8230;&#8230;&#8230;&#8230;&#8230;&#8230;&#8230;&#8230;..<\/p>\n<p>Data: &#8230;&#8230;&#8230;&#8230;&#8230;&#8230;&#8230;&#8230;&#8230;&#8230;&#8230;&#8230;&#8230;&#8230;&#8230;<\/p>\n<p>Firma (solo se il modulo \u00e8 inviato in versione cartacea):<\/p>\n<p>&#8230;&#8230;&#8230;&#8230;&#8230;&#8230;&#8230;&#8230;&#8230;&#8230;&#8230;&#8230;&#8230;&#8230;&#8230;&#8230;&#8230;&#8230;&#8230;&#8230;&#8230;&#8230;&#8230;&#8230;&#8230;&#8230;..<\/p>\n","protected":false},"excerpt":{"rendered":"<p>Resi Informazioni sul diritto di recesso da un contratto concluso a distanza In qualit\u00e0 di consumatore, Lei ha il diritto di recedere dal contratto concluso nel Negozio online entro 14 giorni senza dover fornire alcuna motivazione. Il termine per esercitare il diritto di recesso scade dopo 14 giorni dal giorno in cui Lei o un [&hellip;]<\/p>\n","protected":false},"author":9,"featured_media":0,"parent":932,"menu_order":0,"comment_status":"closed","ping_status":"closed","template":"template-usluga.php","meta":[],"acf":[],"yoast_head":"<!-- This site is optimized with the Yoast SEO plugin v21.1 - https:\/\/yoast.com\/wordpress\/plugins\/seo\/ -->\n<title>Resi - Trainer Palestre Outdoor<\/title>\n<meta name=\"description\" content=\"Consulenza. Garantiamo consulenza specialistica ed assistenza ad ogni tappa della realizzazione dell&#039;ordine. Analizziamo la documentazione del progetto, consigliamo nella scelta dei macchinari pi\u00f9 adatti.\" \/>\n<meta name=\"robots\" content=\"index, follow, max-snippet:-1, max-image-preview:large, max-video-preview:-1\" \/>\n<link rel=\"canonical\" href=\"https:\/\/outdoor-gym.com\/it\/servizi\/resi\/\" \/>\n<meta property=\"og:locale\" content=\"it_IT\" \/>\n<meta property=\"og:type\" content=\"article\" \/>\n<meta property=\"og:title\" content=\"Resi - Trainer Palestre Outdoor\" \/>\n<meta property=\"og:description\" content=\"Consulenza. Garantiamo consulenza specialistica ed assistenza ad ogni tappa della realizzazione dell&#039;ordine. Analizziamo la documentazione del progetto, consigliamo nella scelta dei macchinari pi\u00f9 adatti.\" \/>\n<meta property=\"og:url\" content=\"https:\/\/outdoor-gym.com\/it\/servizi\/resi\/\" \/>\n<meta property=\"og:site_name\" content=\"Trainer\" \/>\n<meta name=\"twitter:card\" content=\"summary_large_image\" \/>\n<meta name=\"twitter:label1\" content=\"Szacowany czas czytania\" \/>\n\t<meta name=\"twitter:data1\" content=\"4 minuty\" \/>\n<script type=\"application\/ld+json\" class=\"yoast-schema-graph\">{\"@context\":\"https:\/\/schema.org\",\"@graph\":[{\"@type\":\"WebPage\",\"@id\":\"https:\/\/outdoor-gym.com\/it\/servizi\/resi\/\",\"url\":\"https:\/\/outdoor-gym.com\/it\/servizi\/resi\/\",\"name\":\"Resi - Trainer Palestre Outdoor\",\"isPartOf\":{\"@id\":\"https:\/\/outdoor-gym.com\/it\/#website\"},\"datePublished\":\"2025-12-08T13:42:48+00:00\",\"dateModified\":\"2025-12-08T13:42:48+00:00\",\"description\":\"Consulenza. Garantiamo consulenza specialistica ed assistenza ad ogni tappa della realizzazione dell'ordine. Analizziamo la documentazione del progetto, consigliamo nella scelta dei macchinari pi\u00f9 adatti.\",\"breadcrumb\":{\"@id\":\"https:\/\/outdoor-gym.com\/it\/servizi\/resi\/#breadcrumb\"},\"inLanguage\":\"pl-PL\",\"potentialAction\":[{\"@type\":\"ReadAction\",\"target\":[\"https:\/\/outdoor-gym.com\/it\/servizi\/resi\/\"]}]},{\"@type\":\"BreadcrumbList\",\"@id\":\"https:\/\/outdoor-gym.com\/it\/servizi\/resi\/#breadcrumb\",\"itemListElement\":[{\"@type\":\"ListItem\",\"position\":1,\"name\":\"it\",\"item\":\"https:\/\/outdoor-gym.com\/it\/\"},{\"@type\":\"ListItem\",\"position\":2,\"name\":\"Servizi\",\"item\":\"https:\/\/outdoor-gym.com\/it\/servizi\/\"},{\"@type\":\"ListItem\",\"position\":3,\"name\":\"Resi\"}]},{\"@type\":\"WebSite\",\"@id\":\"https:\/\/outdoor-gym.com\/it\/#website\",\"url\":\"https:\/\/outdoor-gym.com\/it\/\",\"name\":\"Trainer\",\"description\":\"Trainer\",\"potentialAction\":[{\"@type\":\"SearchAction\",\"target\":{\"@type\":\"EntryPoint\",\"urlTemplate\":\"https:\/\/outdoor-gym.com\/it\/?s={search_term_string}\"},\"query-input\":\"required name=search_term_string\"}],\"inLanguage\":\"pl-PL\"}]}<\/script>\n<!-- \/ Yoast SEO plugin. -->","yoast_head_json":{"title":"Resi - Trainer Palestre Outdoor","description":"Consulenza. Garantiamo consulenza specialistica ed assistenza ad ogni tappa della realizzazione dell'ordine. Analizziamo la documentazione del progetto, consigliamo nella scelta dei macchinari pi\u00f9 adatti.","robots":{"index":"index","follow":"follow","max-snippet":"max-snippet:-1","max-image-preview":"max-image-preview:large","max-video-preview":"max-video-preview:-1"},"canonical":"https:\/\/outdoor-gym.com\/it\/servizi\/resi\/","og_locale":"it_IT","og_type":"article","og_title":"Resi - Trainer Palestre Outdoor","og_description":"Consulenza. Garantiamo consulenza specialistica ed assistenza ad ogni tappa della realizzazione dell'ordine. Analizziamo la documentazione del progetto, consigliamo nella scelta dei macchinari pi\u00f9 adatti.","og_url":"https:\/\/outdoor-gym.com\/it\/servizi\/resi\/","og_site_name":"Trainer","twitter_card":"summary_large_image","twitter_misc":{"Szacowany czas czytania":"4 minuty"},"schema":{"@context":"https:\/\/schema.org","@graph":[{"@type":"WebPage","@id":"https:\/\/outdoor-gym.com\/it\/servizi\/resi\/","url":"https:\/\/outdoor-gym.com\/it\/servizi\/resi\/","name":"Resi - Trainer Palestre Outdoor","isPartOf":{"@id":"https:\/\/outdoor-gym.com\/it\/#website"},"datePublished":"2025-12-08T13:42:48+00:00","dateModified":"2025-12-08T13:42:48+00:00","description":"Consulenza. Garantiamo consulenza specialistica ed assistenza ad ogni tappa della realizzazione dell'ordine. Analizziamo la documentazione del progetto, consigliamo nella scelta dei macchinari pi\u00f9 adatti.","breadcrumb":{"@id":"https:\/\/outdoor-gym.com\/it\/servizi\/resi\/#breadcrumb"},"inLanguage":"pl-PL","potentialAction":[{"@type":"ReadAction","target":["https:\/\/outdoor-gym.com\/it\/servizi\/resi\/"]}]},{"@type":"BreadcrumbList","@id":"https:\/\/outdoor-gym.com\/it\/servizi\/resi\/#breadcrumb","itemListElement":[{"@type":"ListItem","position":1,"name":"it","item":"https:\/\/outdoor-gym.com\/it\/"},{"@type":"ListItem","position":2,"name":"Servizi","item":"https:\/\/outdoor-gym.com\/it\/servizi\/"},{"@type":"ListItem","position":3,"name":"Resi"}]},{"@type":"WebSite","@id":"https:\/\/outdoor-gym.com\/it\/#website","url":"https:\/\/outdoor-gym.com\/it\/","name":"Trainer","description":"Trainer","potentialAction":[{"@type":"SearchAction","target":{"@type":"EntryPoint","urlTemplate":"https:\/\/outdoor-gym.com\/it\/?s={search_term_string}"},"query-input":"required name=search_term_string"}],"inLanguage":"pl-PL"}]}},"_links":{"self":[{"href":"https:\/\/outdoor-gym.com\/it\/wp-json\/wp\/v2\/pages\/6131"}],"collection":[{"href":"https:\/\/outdoor-gym.com\/it\/wp-json\/wp\/v2\/pages"}],"about":[{"href":"https:\/\/outdoor-gym.com\/it\/wp-json\/wp\/v2\/types\/page"}],"author":[{"embeddable":true,"href":"https:\/\/outdoor-gym.com\/it\/wp-json\/wp\/v2\/users\/9"}],"replies":[{"embeddable":true,"href":"https:\/\/outdoor-gym.com\/it\/wp-json\/wp\/v2\/comments?post=6131"}],"version-history":[{"count":1,"href":"https:\/\/outdoor-gym.com\/it\/wp-json\/wp\/v2\/pages\/6131\/revisions"}],"predecessor-version":[{"id":6132,"href":"https:\/\/outdoor-gym.com\/it\/wp-json\/wp\/v2\/pages\/6131\/revisions\/6132"}],"up":[{"embeddable":true,"href":"https:\/\/outdoor-gym.com\/it\/wp-json\/wp\/v2\/pages\/932"}],"wp:attachment":[{"href":"https:\/\/outdoor-gym.com\/it\/wp-json\/wp\/v2\/media?parent=6131"}],"curies":[{"name":"wp","href":"https:\/\/api.w.org\/{rel}","templated":true}]}}