{"id":936,"date":"2021-01-07T08:25:31","date_gmt":"2021-01-07T07:25:31","guid":{"rendered":"https:\/\/outdoor-gym.com\/it\/?page_id=936"},"modified":"2024-11-24T23:11:04","modified_gmt":"2024-11-24T22:11:04","slug":"chi-siamo","status":"publish","type":"page","link":"https:\/\/outdoor-gym.com\/it\/chi-siamo\/","title":{"rendered":"Chi siamo"},"content":{"rendered":"<h2>TRAINER Palestra all&#8217;aperto \u2013 Fatto con passione.<\/h2>\n<div style=\"width: 1920px;\" class=\"wp-video\"><!--[if lt IE 9]><script>document.createElement('video');<\/script><![endif]-->\n<video class=\"wp-video-shortcode\" id=\"video-936-1\" width=\"1920\" height=\"1080\" loop=\"1\" autoplay=\"1\" preload=\"auto\" controls=\"controls\"><source type=\"video\/mp4\" src=\"https:\/\/outdoor-gym.com\/it\/wp-content\/uploads\/Contatti%20\u2013%20TRAINER%20Palestra%20Outdoor.mp4?_=1\" \/><a href=\"https:\/\/outdoor-gym.com\/it\/wp-content\/uploads\/Contatti%20\u2013%20TRAINER%20Palestra%20Outdoor.mp4\">https:\/\/outdoor-gym.com\/it\/wp-content\/uploads\/Contatti%20\u2013%20TRAINER%20Palestra%20Outdoor.mp4<\/a><\/video><\/div>\n<p>&nbsp;<\/p>\n<p>Siamo uno dei principali<strong> produttori di palestre da esterno in Europa<\/strong>. Da oltre 10 anni produciamo palestre da esterno e Street Workout con il marchio TRAINER Palestra all&#8217;aperto. Abbiamo conquistato la fiducia di migliaia di clienti in tutto il mondo, <strong>in pi\u00f9 di 30 paesi in 4 continenti<\/strong> (Europa, Asia, Africa, America). Le installazioni di TRAINER Palestra all&#8217;aperto si trovano in grandi citt\u00e0, paesi e villaggi, in parchi giochi, centri ricreativi, hotel, centri di riabilitazione, parchi o giardini.<\/p>\n<p><strong>La nostra missione \u00e8 creare attrezzature di alta qualit\u00e0, sicure e accessibili a tutti negli spazi pubblici. In questo modo, incoraggiamo le persone ad allenarsi, a fare esercizio e ad essere attive all&#8217;aperto.<\/strong><\/p>\n<p>Le attrezzature TRAINER Palestra all&#8217;aperto sono prodotte in Polonia. Comprendono un&#8217;ampia gamma di attrezzature per l&#8217;esercizio fisico per giovani, adulti e anziani. Le nostre attrezzature sono disponibili anche in versione inclusiva e per disabili, utilizzate con successo come attrezzature per la riabilitazione.<\/p>\n<p>In quanto azienda globale, teniamo molto alla sicurezza e alla durata delle attrezzature, oltre che alla loro estetica e qualit\u00e0. Puntiamo su un design moderno e su soluzioni innovative. Abbiamo adattato le palestre agli standard di sicurezza richiesti dall&#8217;Unione Europea. Tutte le attrezzature sono certificate in conformit\u00e0 alla norma <strong>EN 16630:2015-06<\/strong>. Siamo inoltre certificati dal <strong>T\u00dcV Rheinland<\/strong> e conformi allo standard di gestione della qualit\u00e0 <strong>EN ISO 13485:2016.<\/strong><\/p>\n<p>Il nostro team di consulenti esperti vi suggerir\u00e0 il set di apparecchiature pi\u00f9 adatto alle vostre esigenze e vi fornir\u00e0 un&#8217;assistenza completa in ogni fase del vostro investimento.<\/p>\n<p><iframe src=\"https:\/\/www.youtube.com\/embed\/Zmfu2eitbx4\" frameborder=\"0\" allowfullscreen=\"allowfullscreen\"><\/iframe><\/p>\n<h3>Non esitate a contattarci!<\/h3>\n","protected":false},"excerpt":{"rendered":"<p>TRAINER Palestra all&#8217;aperto \u2013 Fatto con passione. &nbsp; Siamo uno dei principali produttori di palestre da esterno in Europa. Da oltre 10 anni produciamo palestre da esterno e Street Workout con il marchio TRAINER Palestra all&#8217;aperto. Abbiamo conquistato la fiducia di migliaia di clienti in tutto il mondo, in pi\u00f9 di 30 paesi in 4 [&hellip;]<\/p>\n","protected":false},"author":1,"featured_media":0,"parent":0,"menu_order":0,"comment_status":"closed","ping_status":"closed","template":"template-o-firmie.php","meta":[],"acf":[],"yoast_head":"<!-- This site is optimized with the Yoast SEO plugin v21.1 - https:\/\/yoast.com\/wordpress\/plugins\/seo\/ -->\n<title>Chi siamo - TRAINER Palestre all&#039;aperto<\/title>\n<meta name=\"description\" content=\"TRAINER produttore di attrezzature per il fitness all&#039;aperto. Da oltre 10 anni produciamo palestre all&#039;aperto e attrezzature per lo Street Workout.\" \/>\n<meta name=\"robots\" content=\"index, follow, max-snippet:-1, max-image-preview:large, max-video-preview:-1\" \/>\n<link rel=\"canonical\" href=\"https:\/\/outdoor-gym.com\/it\/chi-siamo\/\" \/>\n<meta property=\"og:locale\" content=\"it_IT\" \/>\n<meta property=\"og:type\" content=\"article\" \/>\n<meta property=\"og:title\" content=\"Chi siamo - TRAINER Palestre all&#039;aperto\" \/>\n<meta property=\"og:description\" content=\"TRAINER produttore di attrezzature per il fitness all&#039;aperto. Da oltre 10 anni produciamo palestre all&#039;aperto e attrezzature per lo Street Workout.\" \/>\n<meta property=\"og:url\" content=\"https:\/\/outdoor-gym.com\/it\/chi-siamo\/\" \/>\n<meta property=\"og:site_name\" content=\"Trainer\" \/>\n<meta property=\"article:modified_time\" content=\"2024-11-24T22:11:04+00:00\" \/>\n<meta name=\"twitter:card\" content=\"summary_large_image\" \/>\n<meta name=\"twitter:label1\" content=\"Szacowany czas czytania\" \/>\n\t<meta name=\"twitter:data1\" content=\"2 minuty\" \/>\n<script type=\"application\/ld+json\" class=\"yoast-schema-graph\">{\"@context\":\"https:\/\/schema.org\",\"@graph\":[{\"@type\":\"WebPage\",\"@id\":\"https:\/\/outdoor-gym.com\/it\/chi-siamo\/\",\"url\":\"https:\/\/outdoor-gym.com\/it\/chi-siamo\/\",\"name\":\"Chi siamo - TRAINER Palestre all'aperto\",\"isPartOf\":{\"@id\":\"https:\/\/outdoor-gym.com\/it\/#website\"},\"datePublished\":\"2021-01-07T07:25:31+00:00\",\"dateModified\":\"2024-11-24T22:11:04+00:00\",\"description\":\"TRAINER produttore di attrezzature per il fitness all'aperto. Da oltre 10 anni produciamo palestre all'aperto e attrezzature per lo Street Workout.\",\"breadcrumb\":{\"@id\":\"https:\/\/outdoor-gym.com\/it\/chi-siamo\/#breadcrumb\"},\"inLanguage\":\"pl-PL\",\"potentialAction\":[{\"@type\":\"ReadAction\",\"target\":[\"https:\/\/outdoor-gym.com\/it\/chi-siamo\/\"]}]},{\"@type\":\"BreadcrumbList\",\"@id\":\"https:\/\/outdoor-gym.com\/it\/chi-siamo\/#breadcrumb\",\"itemListElement\":[{\"@type\":\"ListItem\",\"position\":1,\"name\":\"it\",\"item\":\"https:\/\/outdoor-gym.com\/it\/\"},{\"@type\":\"ListItem\",\"position\":2,\"name\":\"Chi siamo\"}]},{\"@type\":\"WebSite\",\"@id\":\"https:\/\/outdoor-gym.com\/it\/#website\",\"url\":\"https:\/\/outdoor-gym.com\/it\/\",\"name\":\"Trainer\",\"description\":\"Trainer\",\"potentialAction\":[{\"@type\":\"SearchAction\",\"target\":{\"@type\":\"EntryPoint\",\"urlTemplate\":\"https:\/\/outdoor-gym.com\/it\/?s={search_term_string}\"},\"query-input\":\"required name=search_term_string\"}],\"inLanguage\":\"pl-PL\"}]}<\/script>\n<!-- \/ Yoast SEO plugin. -->","yoast_head_json":{"title":"Chi siamo - TRAINER Palestre all'aperto","description":"TRAINER produttore di attrezzature per il fitness all'aperto. Da oltre 10 anni produciamo palestre all'aperto e attrezzature per lo Street Workout.","robots":{"index":"index","follow":"follow","max-snippet":"max-snippet:-1","max-image-preview":"max-image-preview:large","max-video-preview":"max-video-preview:-1"},"canonical":"https:\/\/outdoor-gym.com\/it\/chi-siamo\/","og_locale":"it_IT","og_type":"article","og_title":"Chi siamo - TRAINER Palestre all'aperto","og_description":"TRAINER produttore di attrezzature per il fitness all'aperto. Da oltre 10 anni produciamo palestre all'aperto e attrezzature per lo Street Workout.","og_url":"https:\/\/outdoor-gym.com\/it\/chi-siamo\/","og_site_name":"Trainer","article_modified_time":"2024-11-24T22:11:04+00:00","twitter_card":"summary_large_image","twitter_misc":{"Szacowany czas czytania":"2 minuty"},"schema":{"@context":"https:\/\/schema.org","@graph":[{"@type":"WebPage","@id":"https:\/\/outdoor-gym.com\/it\/chi-siamo\/","url":"https:\/\/outdoor-gym.com\/it\/chi-siamo\/","name":"Chi siamo - TRAINER Palestre all'aperto","isPartOf":{"@id":"https:\/\/outdoor-gym.com\/it\/#website"},"datePublished":"2021-01-07T07:25:31+00:00","dateModified":"2024-11-24T22:11:04+00:00","description":"TRAINER produttore di attrezzature per il fitness all'aperto. Da oltre 10 anni produciamo palestre all'aperto e attrezzature per lo Street Workout.","breadcrumb":{"@id":"https:\/\/outdoor-gym.com\/it\/chi-siamo\/#breadcrumb"},"inLanguage":"pl-PL","potentialAction":[{"@type":"ReadAction","target":["https:\/\/outdoor-gym.com\/it\/chi-siamo\/"]}]},{"@type":"BreadcrumbList","@id":"https:\/\/outdoor-gym.com\/it\/chi-siamo\/#breadcrumb","itemListElement":[{"@type":"ListItem","position":1,"name":"it","item":"https:\/\/outdoor-gym.com\/it\/"},{"@type":"ListItem","position":2,"name":"Chi siamo"}]},{"@type":"WebSite","@id":"https:\/\/outdoor-gym.com\/it\/#website","url":"https:\/\/outdoor-gym.com\/it\/","name":"Trainer","description":"Trainer","potentialAction":[{"@type":"SearchAction","target":{"@type":"EntryPoint","urlTemplate":"https:\/\/outdoor-gym.com\/it\/?s={search_term_string}"},"query-input":"required name=search_term_string"}],"inLanguage":"pl-PL"}]}},"_links":{"self":[{"href":"https:\/\/outdoor-gym.com\/it\/wp-json\/wp\/v2\/pages\/936"}],"collection":[{"href":"https:\/\/outdoor-gym.com\/it\/wp-json\/wp\/v2\/pages"}],"about":[{"href":"https:\/\/outdoor-gym.com\/it\/wp-json\/wp\/v2\/types\/page"}],"author":[{"embeddable":true,"href":"https:\/\/outdoor-gym.com\/it\/wp-json\/wp\/v2\/users\/1"}],"replies":[{"embeddable":true,"href":"https:\/\/outdoor-gym.com\/it\/wp-json\/wp\/v2\/comments?post=936"}],"version-history":[{"count":43,"href":"https:\/\/outdoor-gym.com\/it\/wp-json\/wp\/v2\/pages\/936\/revisions"}],"predecessor-version":[{"id":5465,"href":"https:\/\/outdoor-gym.com\/it\/wp-json\/wp\/v2\/pages\/936\/revisions\/5465"}],"wp:attachment":[{"href":"https:\/\/outdoor-gym.com\/it\/wp-json\/wp\/v2\/media?parent=936"}],"curies":[{"name":"wp","href":"https:\/\/api.w.org\/{rel}","templated":true}]}}