{"id":965,"date":"2021-01-12T08:49:16","date_gmt":"2021-01-12T07:49:16","guid":{"rendered":"https:\/\/outdoor-gym.com\/it\/?page_id=965"},"modified":"2022-11-15T13:02:18","modified_gmt":"2022-11-15T12:02:18","slug":"palestra-outdoor-per-giardini","status":"publish","type":"page","link":"https:\/\/outdoor-gym.com\/it\/clienti\/palestra-outdoor-per-giardini\/","title":{"rendered":"Palestra outdoor per giardini"},"content":{"rendered":"<h2>Palestra outdoor per giardini \u2013 la soluzione ideale per gli allenamenti all&#8217;aria aperta.<\/h2>\n<p>Viviamo in un mondo in cui si passa molto tempo della giornata in posizione seduta. Lavoriamo al computer, facciamo i compiti, guardiamo la tv &#8211; tutto ci\u00f2 fa s\u00ec che il nostro organismo richieda movimento ed attivit\u00e0 fisica. Sfortunatamente, non sempre abbiamo la possibilit\u00e0 di acquistare un abbonamento per la palestra e di passarci qualche ora durante la settimana. La palestra outdoor da giardino \u00e8 la soluzione ideale per persone stanche di lavorare tutto il giorno in posizione seduta.<\/p>\n<p><img decoding=\"async\" loading=\"lazy\" class=\"alignnone wp-image-1944 size-full\" title=\"Outdoor gym for garden\" src=\"https:\/\/outdoor-gym.com\/it\/wp-content\/uploads\/TRAINER Outdoor fitness per clienti individuali.jpg\" alt=\"Palestre outdoor per giardini\" width=\"2560\" height=\"1704\" srcset=\"https:\/\/outdoor-gym.com\/it\/wp-content\/uploads\/TRAINER%20Outdoor%20fitness%20per%20clienti%20individuali.jpg 2560w, https:\/\/outdoor-gym.com\/it\/wp-content\/uploads\/TRAINER%20Outdoor%20fitness%20per%20clienti%20individuali-600x399.jpg 600w, https:\/\/outdoor-gym.com\/it\/wp-content\/uploads\/TRAINER%20Outdoor%20fitness%20per%20clienti%20individuali-2000x1331.jpg 2000w, https:\/\/outdoor-gym.com\/it\/wp-content\/uploads\/TRAINER%20Outdoor%20fitness%20per%20clienti%20individuali-768x511.jpg 768w, https:\/\/outdoor-gym.com\/it\/wp-content\/uploads\/TRAINER%20Outdoor%20fitness%20per%20clienti%20individuali-1536x1022.jpg 1536w, https:\/\/outdoor-gym.com\/it\/wp-content\/uploads\/TRAINER%20Outdoor%20fitness%20per%20clienti%20individuali-2048x1363.jpg 2048w\" sizes=\"(max-width: 2560px) 100vw, 2560px\" \/><\/p>\n<p>&nbsp;<\/p>\n<p>&nbsp;<\/p>\n","protected":false},"excerpt":{"rendered":"<p>Palestra outdoor per giardini \u2013 la soluzione ideale per gli allenamenti all&#8217;aria aperta. Viviamo in un mondo in cui si passa molto tempo della giornata in posizione seduta. Lavoriamo al computer, facciamo i compiti, guardiamo la tv &#8211; tutto ci\u00f2 fa s\u00ec che il nostro organismo richieda movimento ed attivit\u00e0 fisica. Sfortunatamente, non sempre abbiamo [&hellip;]<\/p>\n","protected":false},"author":1,"featured_media":0,"parent":930,"menu_order":0,"comment_status":"closed","ping_status":"closed","template":"template-klienci-podstrona.php","meta":[],"acf":[],"yoast_head":"<!-- This site is optimized with the Yoast SEO plugin v21.1 - https:\/\/yoast.com\/wordpress\/plugins\/seo\/ -->\n<title>Palestre outdoor per giardini - TRAINER Attrezzi fitness esterno<\/title>\n<meta name=\"description\" content=\"Palestre outdoor per giardini. Viviamo in un mondo in cui si passa molto tempo della giornata in posizione seduta. Lavoriamo al computer, facciamo i compiti, guardiamo la tv - tutto ci\u00f2 fa s\u00ec che il nostro organismo richieda movimento ed attivit\u00e0 fisica.\" \/>\n<meta name=\"robots\" content=\"index, follow, max-snippet:-1, max-image-preview:large, max-video-preview:-1\" \/>\n<link rel=\"canonical\" href=\"https:\/\/outdoor-gym.com\/it\/clienti\/palestra-outdoor-per-giardini\/\" \/>\n<meta property=\"og:locale\" content=\"it_IT\" \/>\n<meta property=\"og:type\" content=\"article\" \/>\n<meta property=\"og:title\" content=\"Palestre outdoor per giardini - TRAINER Attrezzi fitness esterno\" \/>\n<meta property=\"og:description\" content=\"Palestre outdoor per giardini. Viviamo in un mondo in cui si passa molto tempo della giornata in posizione seduta. Lavoriamo al computer, facciamo i compiti, guardiamo la tv - tutto ci\u00f2 fa s\u00ec che il nostro organismo richieda movimento ed attivit\u00e0 fisica.\" \/>\n<meta property=\"og:url\" content=\"https:\/\/outdoor-gym.com\/it\/clienti\/palestra-outdoor-per-giardini\/\" \/>\n<meta property=\"og:site_name\" content=\"Trainer\" \/>\n<meta property=\"article:modified_time\" content=\"2022-11-15T12:02:18+00:00\" \/>\n<meta name=\"twitter:card\" content=\"summary_large_image\" \/>\n<meta name=\"twitter:label1\" content=\"Szacowany czas czytania\" \/>\n\t<meta name=\"twitter:data1\" content=\"1 minuta\" \/>\n<script type=\"application\/ld+json\" class=\"yoast-schema-graph\">{\"@context\":\"https:\/\/schema.org\",\"@graph\":[{\"@type\":\"WebPage\",\"@id\":\"https:\/\/outdoor-gym.com\/it\/clienti\/palestra-outdoor-per-giardini\/\",\"url\":\"https:\/\/outdoor-gym.com\/it\/clienti\/palestra-outdoor-per-giardini\/\",\"name\":\"Palestre outdoor per giardini - TRAINER Attrezzi fitness esterno\",\"isPartOf\":{\"@id\":\"https:\/\/outdoor-gym.com\/it\/#website\"},\"datePublished\":\"2021-01-12T07:49:16+00:00\",\"dateModified\":\"2022-11-15T12:02:18+00:00\",\"description\":\"Palestre outdoor per giardini. Viviamo in un mondo in cui si passa molto tempo della giornata in posizione seduta. Lavoriamo al computer, facciamo i compiti, guardiamo la tv - tutto ci\u00f2 fa s\u00ec che il nostro organismo richieda movimento ed attivit\u00e0 fisica.\",\"breadcrumb\":{\"@id\":\"https:\/\/outdoor-gym.com\/it\/clienti\/palestra-outdoor-per-giardini\/#breadcrumb\"},\"inLanguage\":\"pl-PL\",\"potentialAction\":[{\"@type\":\"ReadAction\",\"target\":[\"https:\/\/outdoor-gym.com\/it\/clienti\/palestra-outdoor-per-giardini\/\"]}]},{\"@type\":\"BreadcrumbList\",\"@id\":\"https:\/\/outdoor-gym.com\/it\/clienti\/palestra-outdoor-per-giardini\/#breadcrumb\",\"itemListElement\":[{\"@type\":\"ListItem\",\"position\":1,\"name\":\"it\",\"item\":\"https:\/\/outdoor-gym.com\/it\/\"},{\"@type\":\"ListItem\",\"position\":2,\"name\":\"Clienti\",\"item\":\"https:\/\/outdoor-gym.com\/it\/clienti\/\"},{\"@type\":\"ListItem\",\"position\":3,\"name\":\"Palestra outdoor per giardini\"}]},{\"@type\":\"WebSite\",\"@id\":\"https:\/\/outdoor-gym.com\/it\/#website\",\"url\":\"https:\/\/outdoor-gym.com\/it\/\",\"name\":\"Trainer\",\"description\":\"Trainer\",\"potentialAction\":[{\"@type\":\"SearchAction\",\"target\":{\"@type\":\"EntryPoint\",\"urlTemplate\":\"https:\/\/outdoor-gym.com\/it\/?s={search_term_string}\"},\"query-input\":\"required name=search_term_string\"}],\"inLanguage\":\"pl-PL\"}]}<\/script>\n<!-- \/ Yoast SEO plugin. -->","yoast_head_json":{"title":"Palestre outdoor per giardini - TRAINER Attrezzi fitness esterno","description":"Palestre outdoor per giardini. Viviamo in un mondo in cui si passa molto tempo della giornata in posizione seduta. Lavoriamo al computer, facciamo i compiti, guardiamo la tv - tutto ci\u00f2 fa s\u00ec che il nostro organismo richieda movimento ed attivit\u00e0 fisica.","robots":{"index":"index","follow":"follow","max-snippet":"max-snippet:-1","max-image-preview":"max-image-preview:large","max-video-preview":"max-video-preview:-1"},"canonical":"https:\/\/outdoor-gym.com\/it\/clienti\/palestra-outdoor-per-giardini\/","og_locale":"it_IT","og_type":"article","og_title":"Palestre outdoor per giardini - TRAINER Attrezzi fitness esterno","og_description":"Palestre outdoor per giardini. Viviamo in un mondo in cui si passa molto tempo della giornata in posizione seduta. Lavoriamo al computer, facciamo i compiti, guardiamo la tv - tutto ci\u00f2 fa s\u00ec che il nostro organismo richieda movimento ed attivit\u00e0 fisica.","og_url":"https:\/\/outdoor-gym.com\/it\/clienti\/palestra-outdoor-per-giardini\/","og_site_name":"Trainer","article_modified_time":"2022-11-15T12:02:18+00:00","twitter_card":"summary_large_image","twitter_misc":{"Szacowany czas czytania":"1 minuta"},"schema":{"@context":"https:\/\/schema.org","@graph":[{"@type":"WebPage","@id":"https:\/\/outdoor-gym.com\/it\/clienti\/palestra-outdoor-per-giardini\/","url":"https:\/\/outdoor-gym.com\/it\/clienti\/palestra-outdoor-per-giardini\/","name":"Palestre outdoor per giardini - TRAINER Attrezzi fitness esterno","isPartOf":{"@id":"https:\/\/outdoor-gym.com\/it\/#website"},"datePublished":"2021-01-12T07:49:16+00:00","dateModified":"2022-11-15T12:02:18+00:00","description":"Palestre outdoor per giardini. Viviamo in un mondo in cui si passa molto tempo della giornata in posizione seduta. Lavoriamo al computer, facciamo i compiti, guardiamo la tv - tutto ci\u00f2 fa s\u00ec che il nostro organismo richieda movimento ed attivit\u00e0 fisica.","breadcrumb":{"@id":"https:\/\/outdoor-gym.com\/it\/clienti\/palestra-outdoor-per-giardini\/#breadcrumb"},"inLanguage":"pl-PL","potentialAction":[{"@type":"ReadAction","target":["https:\/\/outdoor-gym.com\/it\/clienti\/palestra-outdoor-per-giardini\/"]}]},{"@type":"BreadcrumbList","@id":"https:\/\/outdoor-gym.com\/it\/clienti\/palestra-outdoor-per-giardini\/#breadcrumb","itemListElement":[{"@type":"ListItem","position":1,"name":"it","item":"https:\/\/outdoor-gym.com\/it\/"},{"@type":"ListItem","position":2,"name":"Clienti","item":"https:\/\/outdoor-gym.com\/it\/clienti\/"},{"@type":"ListItem","position":3,"name":"Palestra outdoor per giardini"}]},{"@type":"WebSite","@id":"https:\/\/outdoor-gym.com\/it\/#website","url":"https:\/\/outdoor-gym.com\/it\/","name":"Trainer","description":"Trainer","potentialAction":[{"@type":"SearchAction","target":{"@type":"EntryPoint","urlTemplate":"https:\/\/outdoor-gym.com\/it\/?s={search_term_string}"},"query-input":"required name=search_term_string"}],"inLanguage":"pl-PL"}]}},"_links":{"self":[{"href":"https:\/\/outdoor-gym.com\/it\/wp-json\/wp\/v2\/pages\/965"}],"collection":[{"href":"https:\/\/outdoor-gym.com\/it\/wp-json\/wp\/v2\/pages"}],"about":[{"href":"https:\/\/outdoor-gym.com\/it\/wp-json\/wp\/v2\/types\/page"}],"author":[{"embeddable":true,"href":"https:\/\/outdoor-gym.com\/it\/wp-json\/wp\/v2\/users\/1"}],"replies":[{"embeddable":true,"href":"https:\/\/outdoor-gym.com\/it\/wp-json\/wp\/v2\/comments?post=965"}],"version-history":[{"count":28,"href":"https:\/\/outdoor-gym.com\/it\/wp-json\/wp\/v2\/pages\/965\/revisions"}],"predecessor-version":[{"id":4378,"href":"https:\/\/outdoor-gym.com\/it\/wp-json\/wp\/v2\/pages\/965\/revisions\/4378"}],"up":[{"embeddable":true,"href":"https:\/\/outdoor-gym.com\/it\/wp-json\/wp\/v2\/pages\/930"}],"wp:attachment":[{"href":"https:\/\/outdoor-gym.com\/it\/wp-json\/wp\/v2\/media?parent=965"}],"curies":[{"name":"wp","href":"https:\/\/api.w.org\/{rel}","templated":true}]}}